{"id":12,"date":"2018-06-25T11:58:11","date_gmt":"2018-06-25T14:58:11","guid":{"rendered":"http:\/\/dramabarroco.com\/expressoflordeminas\/?page_id=12"},"modified":"2019-12-10T15:54:18","modified_gmt":"2019-12-10T18:54:18","slug":"relacionamento","status":"publish","type":"page","link":"http:\/\/flordeminas.com.br\/expresso\/relacionamento\/","title":{"rendered":"Relacionamento"},"content":{"rendered":"<p>1) Documentos \u00fateis<br \/>\n&#8211; Licen\u00e7a ANVISA<br \/>\n&#8211; Licen\u00e7a IBAMA<br \/>\n&#8211; Licen\u00e7a Pol\u00edcia Federal<br \/>\n&#8211; Licen\u00e7a Pol\u00edcia Civil<br \/>\n&#8211; Seguro de Carga<br \/>\n&#8211; Vigil\u00e2ncia Sanit\u00e1ria<br \/>\n&#8211; Alvar\u00e1s de Funcionamento<\/p>\n<p>2) Cobran\u00e7a<br \/>\n&#8211; (35) 3864-1724<br \/>\n&#8211; (35) 99190-1608 (Vivo \u2013 Whatsapp)<br \/>\n&#8211; expresso.cobranca@flordeminas.com.br<\/p>\n<p>3) Financeiro<br \/>\n&#8211; (35) 3864-4217<br \/>\n&#8211; (35) 99190-1551 (Vivo \u2013 Whatsapp)<br \/>\n&#8211; financeiro@flordeminas.com.br<\/p>\n<p>4) Faturamento<br \/>\n&#8211; (35) 3864-1724<br \/>\n&#8211; (35) 99190-1641 (Vivo \u2013 Whatsapp)<br \/>\n&#8211; faturamento.expresso@flordeminas.com.br<\/p>\n","protected":false},"excerpt":{"rendered":"<p>1) Documentos \u00fateis &#8211; Licen\u00e7a ANVISA &#8211; Licen\u00e7a IBAMA &#8211; Licen\u00e7a Pol\u00edcia Federal &#8211; Licen\u00e7a Pol\u00edcia Civil &#8211; Seguro de Carga &#8211; Vigil\u00e2ncia Sanit\u00e1ria &#8211; Alvar\u00e1s de Funcionamento 2) Cobran\u00e7a &#8211; (35) 3864-1724 &#8211; (35) 99190-1608 (Vivo \u2013 Whatsapp) &#8211; expresso.cobranca@flordeminas.com.br 3) Financeiro &#8211; (35) 3864-4217 &#8211; (35) 99190-1551 (Vivo \u2013 Whatsapp) &#8211; financeiro@flordeminas.com.br 4) [&hellip;]<\/p>\n","protected":false},"author":1,"featured_media":259,"parent":0,"menu_order":0,"comment_status":"closed","ping_status":"closed","template":"page-equipe.php","meta":[],"yoast_head":"<!-- This site is optimized with the Yoast SEO plugin v14.9 - https:\/\/yoast.com\/wordpress\/plugins\/seo\/ -->\n<meta name=\"robots\" content=\"index, follow, max-snippet:-1, max-image-preview:large, max-video-preview:-1\" \/>\n<link rel=\"canonical\" href=\"http:\/\/flordeminas.com.br\/expresso\/relacionamento\/\" \/>\n<meta property=\"og:locale\" content=\"pt_BR\" \/>\n<meta property=\"og:type\" content=\"article\" \/>\n<meta property=\"og:title\" content=\"Relacionamento - Expresso Flor de Minas\" \/>\n<meta property=\"og:description\" content=\"1) Documentos \u00fateis &#8211; Licen\u00e7a ANVISA &#8211; Licen\u00e7a IBAMA &#8211; Licen\u00e7a Pol\u00edcia Federal &#8211; Licen\u00e7a Pol\u00edcia Civil &#8211; Seguro de Carga &#8211; Vigil\u00e2ncia Sanit\u00e1ria &#8211; Alvar\u00e1s de Funcionamento 2) Cobran\u00e7a &#8211; (35) 3864-1724 &#8211; (35) 99190-1608 (Vivo \u2013 Whatsapp) &#8211; expresso.cobranca@flordeminas.com.br 3) Financeiro &#8211; (35) 3864-4217 &#8211; (35) 99190-1551 (Vivo \u2013 Whatsapp) &#8211; financeiro@flordeminas.com.br 4) [&hellip;]\" \/>\n<meta property=\"og:url\" content=\"http:\/\/flordeminas.com.br\/expresso\/relacionamento\/\" \/>\n<meta property=\"og:site_name\" content=\"Expresso Flor de Minas\" \/>\n<meta property=\"article:modified_time\" content=\"2019-12-10T18:54:18+00:00\" \/>\n<meta property=\"og:image\" content=\"http:\/\/flordeminas.com.br\/expresso\/wp-content\/uploads\/2019\/12\/Flor-de-Minas-20-scaled.jpg\" \/>\n\t<meta property=\"og:image:width\" content=\"2560\" \/>\n\t<meta property=\"og:image:height\" content=\"1920\" \/>\n<meta name=\"twitter:card\" content=\"summary_large_image\" \/>\n<script type=\"application\/ld+json\" class=\"yoast-schema-graph\">{\"@context\":\"https:\/\/schema.org\",\"@graph\":[{\"@type\":\"WebSite\",\"@id\":\"http:\/\/flordeminas.com.br\/expresso\/#website\",\"url\":\"http:\/\/flordeminas.com.br\/expresso\/\",\"name\":\"Expresso Flor de Minas\",\"description\":\"Grupo Flor de Minas\",\"potentialAction\":[{\"@type\":\"SearchAction\",\"target\":\"http:\/\/flordeminas.com.br\/expresso\/?s={search_term_string}\",\"query-input\":\"required name=search_term_string\"}],\"inLanguage\":\"pt-BR\"},{\"@type\":\"ImageObject\",\"@id\":\"http:\/\/flordeminas.com.br\/expresso\/relacionamento\/#primaryimage\",\"inLanguage\":\"pt-BR\",\"url\":\"http:\/\/flordeminas.com.br\/expresso\/wp-content\/uploads\/2019\/12\/Flor-de-Minas-20-scaled.jpg\",\"width\":2560,\"height\":1920,\"caption\":\"DCIM100MEDIADJI_0026.JPG\"},{\"@type\":\"WebPage\",\"@id\":\"http:\/\/flordeminas.com.br\/expresso\/relacionamento\/#webpage\",\"url\":\"http:\/\/flordeminas.com.br\/expresso\/relacionamento\/\",\"name\":\"Relacionamento - Expresso Flor de Minas\",\"isPartOf\":{\"@id\":\"http:\/\/flordeminas.com.br\/expresso\/#website\"},\"primaryImageOfPage\":{\"@id\":\"http:\/\/flordeminas.com.br\/expresso\/relacionamento\/#primaryimage\"},\"datePublished\":\"2018-06-25T14:58:11+00:00\",\"dateModified\":\"2019-12-10T18:54:18+00:00\",\"inLanguage\":\"pt-BR\",\"potentialAction\":[{\"@type\":\"ReadAction\",\"target\":[\"http:\/\/flordeminas.com.br\/expresso\/relacionamento\/\"]}]}]}<\/script>\n<!-- \/ Yoast SEO plugin. -->","_links":{"self":[{"href":"http:\/\/flordeminas.com.br\/expresso\/wp-json\/wp\/v2\/pages\/12"}],"collection":[{"href":"http:\/\/flordeminas.com.br\/expresso\/wp-json\/wp\/v2\/pages"}],"about":[{"href":"http:\/\/flordeminas.com.br\/expresso\/wp-json\/wp\/v2\/types\/page"}],"author":[{"embeddable":true,"href":"http:\/\/flordeminas.com.br\/expresso\/wp-json\/wp\/v2\/users\/1"}],"replies":[{"embeddable":true,"href":"http:\/\/flordeminas.com.br\/expresso\/wp-json\/wp\/v2\/comments?post=12"}],"version-history":[{"count":8,"href":"http:\/\/flordeminas.com.br\/expresso\/wp-json\/wp\/v2\/pages\/12\/revisions"}],"predecessor-version":[{"id":271,"href":"http:\/\/flordeminas.com.br\/expresso\/wp-json\/wp\/v2\/pages\/12\/revisions\/271"}],"wp:featuredmedia":[{"embeddable":true,"href":"http:\/\/flordeminas.com.br\/expresso\/wp-json\/wp\/v2\/media\/259"}],"wp:attachment":[{"href":"http:\/\/flordeminas.com.br\/expresso\/wp-json\/wp\/v2\/media?parent=12"}],"curies":[{"name":"wp","href":"https:\/\/api.w.org\/{rel}","templated":true}]}}