{"id":75,"date":"2018-06-26T15:31:24","date_gmt":"2018-06-26T18:31:24","guid":{"rendered":"http:\/\/dramabarroco.com\/expressoflordeminas\/?page_id=75"},"modified":"2019-12-10T15:40:26","modified_gmt":"2019-12-10T18:40:26","slug":"infraestrutura","status":"publish","type":"page","link":"http:\/\/flordeminas.com.br\/expresso\/infraestrutura\/","title":{"rendered":"Infraestrutura"},"content":{"rendered":"<h2 style=\"text-align: center;\">Nossa frota \u00e9 composta por ve\u00edculos adequados \u00e0s necessidades do tipo de transporte que praticamos: Utilit\u00e1rios, Leves, M\u00e9dios e Pesados.<\/h2>\n<h2 style=\"text-align: center;\">A frota \u00e9 integralmente segurada e contamos com profissionais qualificados e treinados para assegurar a manuten\u00e7\u00e3o dos ve\u00edculos.<\/h2>\n<h2 style=\"text-align: center;\">Tudo isso para garantir rapidez e seguran\u00e7a na entrega das suas encomendas!<\/h2>\n<div id='gallery-1' class='gallery galleria galleryid-75'>\n           \n\t\t   \n\t\t      <img src=\"http:\/\/flordeminas.com.br\/expresso\/wp-content\/uploads\/2018\/06\/11.jpg\" title=\"\" \/>\n         \n           \n           \n\t\t   \n\t\t      <img src=\"http:\/\/flordeminas.com.br\/expresso\/wp-content\/uploads\/2018\/06\/12.jpg\" title=\"\" \/>\n         \n           \n           \n\t\t   \n\t\t      <img src=\"http:\/\/flordeminas.com.br\/expresso\/wp-content\/uploads\/2018\/06\/8.jpg\" title=\"\" \/>\n         \n           \n           \n\t\t   \n\t\t      <img src=\"http:\/\/flordeminas.com.br\/expresso\/wp-content\/uploads\/2018\/06\/9.jpg\" title=\"\" \/>\n         \n           \n           \n\t\t   \n\t\t      <img src=\"http:\/\/flordeminas.com.br\/expresso\/wp-content\/uploads\/2018\/06\/0.jpg\" title=\"\" \/>\n         \n           \n           \n\t\t   \n\t\t      <img src=\"http:\/\/flordeminas.com.br\/expresso\/wp-content\/uploads\/2018\/06\/6.jpg\" title=\"\" \/>\n         \n           \n           \n\t\t   \n\t\t      <img src=\"http:\/\/flordeminas.com.br\/expresso\/wp-content\/uploads\/2018\/06\/1.jpg\" title=\"\" \/>\n         \n           <\/div>\n\n","protected":false},"excerpt":{"rendered":"<p>Frota 100% pr\u00f3pria e filiais em pontos estrat\u00e9gicos.<\/p>\n","protected":false},"author":1,"featured_media":260,"parent":0,"menu_order":0,"comment_status":"closed","ping_status":"closed","template":"page-frota.php","meta":[],"yoast_head":"<!-- This site is optimized with the Yoast SEO plugin v14.9 - https:\/\/yoast.com\/wordpress\/plugins\/seo\/ -->\n<meta name=\"robots\" content=\"index, follow, max-snippet:-1, max-image-preview:large, max-video-preview:-1\" \/>\n<link rel=\"canonical\" href=\"http:\/\/flordeminas.com.br\/expresso\/infraestrutura\/\" \/>\n<meta property=\"og:locale\" content=\"pt_BR\" \/>\n<meta property=\"og:type\" content=\"article\" \/>\n<meta property=\"og:title\" content=\"Infraestrutura - Expresso Flor de Minas\" \/>\n<meta property=\"og:description\" content=\"Frota 100% pr\u00f3pria e filiais em pontos estrat\u00e9gicos.\" \/>\n<meta property=\"og:url\" content=\"http:\/\/flordeminas.com.br\/expresso\/infraestrutura\/\" \/>\n<meta property=\"og:site_name\" content=\"Expresso Flor de Minas\" \/>\n<meta property=\"article:modified_time\" content=\"2019-12-10T18:40:26+00:00\" \/>\n<meta property=\"og:image\" content=\"http:\/\/flordeminas.com.br\/expresso\/wp-content\/uploads\/2019\/12\/Infraestrutura1-scaled.jpg\" \/>\n\t<meta property=\"og:image:width\" content=\"2560\" \/>\n\t<meta property=\"og:image:height\" content=\"1920\" \/>\n<meta name=\"twitter:card\" content=\"summary_large_image\" \/>\n<script type=\"application\/ld+json\" class=\"yoast-schema-graph\">{\"@context\":\"https:\/\/schema.org\",\"@graph\":[{\"@type\":\"WebSite\",\"@id\":\"http:\/\/flordeminas.com.br\/expresso\/#website\",\"url\":\"http:\/\/flordeminas.com.br\/expresso\/\",\"name\":\"Expresso Flor de Minas\",\"description\":\"Grupo Flor de Minas\",\"potentialAction\":[{\"@type\":\"SearchAction\",\"target\":\"http:\/\/flordeminas.com.br\/expresso\/?s={search_term_string}\",\"query-input\":\"required name=search_term_string\"}],\"inLanguage\":\"pt-BR\"},{\"@type\":\"ImageObject\",\"@id\":\"http:\/\/flordeminas.com.br\/expresso\/infraestrutura\/#primaryimage\",\"inLanguage\":\"pt-BR\",\"url\":\"http:\/\/flordeminas.com.br\/expresso\/wp-content\/uploads\/2019\/12\/Infraestrutura1-scaled.jpg\",\"width\":2560,\"height\":1920},{\"@type\":\"WebPage\",\"@id\":\"http:\/\/flordeminas.com.br\/expresso\/infraestrutura\/#webpage\",\"url\":\"http:\/\/flordeminas.com.br\/expresso\/infraestrutura\/\",\"name\":\"Infraestrutura - Expresso Flor de Minas\",\"isPartOf\":{\"@id\":\"http:\/\/flordeminas.com.br\/expresso\/#website\"},\"primaryImageOfPage\":{\"@id\":\"http:\/\/flordeminas.com.br\/expresso\/infraestrutura\/#primaryimage\"},\"datePublished\":\"2018-06-26T18:31:24+00:00\",\"dateModified\":\"2019-12-10T18:40:26+00:00\",\"inLanguage\":\"pt-BR\",\"potentialAction\":[{\"@type\":\"ReadAction\",\"target\":[\"http:\/\/flordeminas.com.br\/expresso\/infraestrutura\/\"]}]}]}<\/script>\n<!-- \/ Yoast SEO plugin. -->","_links":{"self":[{"href":"http:\/\/flordeminas.com.br\/expresso\/wp-json\/wp\/v2\/pages\/75"}],"collection":[{"href":"http:\/\/flordeminas.com.br\/expresso\/wp-json\/wp\/v2\/pages"}],"about":[{"href":"http:\/\/flordeminas.com.br\/expresso\/wp-json\/wp\/v2\/types\/page"}],"author":[{"embeddable":true,"href":"http:\/\/flordeminas.com.br\/expresso\/wp-json\/wp\/v2\/users\/1"}],"replies":[{"embeddable":true,"href":"http:\/\/flordeminas.com.br\/expresso\/wp-json\/wp\/v2\/comments?post=75"}],"version-history":[{"count":8,"href":"http:\/\/flordeminas.com.br\/expresso\/wp-json\/wp\/v2\/pages\/75\/revisions"}],"predecessor-version":[{"id":251,"href":"http:\/\/flordeminas.com.br\/expresso\/wp-json\/wp\/v2\/pages\/75\/revisions\/251"}],"wp:featuredmedia":[{"embeddable":true,"href":"http:\/\/flordeminas.com.br\/expresso\/wp-json\/wp\/v2\/media\/260"}],"wp:attachment":[{"href":"http:\/\/flordeminas.com.br\/expresso\/wp-json\/wp\/v2\/media?parent=75"}],"curies":[{"name":"wp","href":"https:\/\/api.w.org\/{rel}","templated":true}]}}