{"id":8,"date":"2018-06-25T11:57:57","date_gmt":"2018-06-25T14:57:57","guid":{"rendered":"http:\/\/dramabarroco.com\/expressoflordeminas\/?page_id=8"},"modified":"2021-04-28T15:32:54","modified_gmt":"2021-04-28T18:32:54","slug":"contato","status":"publish","type":"page","link":"http:\/\/flordeminas.com.br\/expresso\/contato\/","title":{"rendered":"Contato"},"content":{"rendered":"","protected":false},"excerpt":{"rendered":"<p>Preencha o formul\u00e1rio ao lado com sua d\u00favida, elogio, reclama\u00e7\u00e3o ou sugest\u00e3o e clique em enviar. Ou se preferir entre em contato por um dos nossos telefones ou pelo e-mail <\/p>\n","protected":false},"author":1,"featured_media":273,"parent":0,"menu_order":0,"comment_status":"closed","ping_status":"closed","template":"page-contato.php","meta":[],"yoast_head":"<!-- This site is optimized with the Yoast SEO plugin v14.9 - https:\/\/yoast.com\/wordpress\/plugins\/seo\/ -->\n<meta name=\"robots\" content=\"index, follow, max-snippet:-1, max-image-preview:large, max-video-preview:-1\" \/>\n<link rel=\"canonical\" href=\"http:\/\/flordeminas.com.br\/expresso\/contato\/\" \/>\n<meta property=\"og:locale\" content=\"pt_BR\" \/>\n<meta property=\"og:type\" content=\"article\" \/>\n<meta property=\"og:title\" content=\"Contato - Expresso Flor de Minas\" \/>\n<meta property=\"og:description\" content=\"Preencha o formul\u00e1rio ao lado com sua d\u00favida, elogio, reclama\u00e7\u00e3o ou sugest\u00e3o e clique em enviar. Ou se preferir entre em contato por um dos nossos telefones ou pelo e-mail\" \/>\n<meta property=\"og:url\" content=\"http:\/\/flordeminas.com.br\/expresso\/contato\/\" \/>\n<meta property=\"og:site_name\" content=\"Expresso Flor de Minas\" \/>\n<meta property=\"article:modified_time\" content=\"2021-04-28T18:32:54+00:00\" \/>\n<meta property=\"og:image\" content=\"http:\/\/flordeminas.com.br\/expresso\/wp-content\/uploads\/2020\/01\/bgContato.jpg\" \/>\n\t<meta property=\"og:image:width\" content=\"1920\" \/>\n\t<meta property=\"og:image:height\" content=\"1280\" \/>\n<meta name=\"twitter:card\" content=\"summary_large_image\" \/>\n<script type=\"application\/ld+json\" class=\"yoast-schema-graph\">{\"@context\":\"https:\/\/schema.org\",\"@graph\":[{\"@type\":\"WebSite\",\"@id\":\"http:\/\/flordeminas.com.br\/expresso\/#website\",\"url\":\"http:\/\/flordeminas.com.br\/expresso\/\",\"name\":\"Expresso Flor de Minas\",\"description\":\"Grupo Flor de Minas\",\"potentialAction\":[{\"@type\":\"SearchAction\",\"target\":\"http:\/\/flordeminas.com.br\/expresso\/?s={search_term_string}\",\"query-input\":\"required name=search_term_string\"}],\"inLanguage\":\"pt-BR\"},{\"@type\":\"ImageObject\",\"@id\":\"http:\/\/flordeminas.com.br\/expresso\/contato\/#primaryimage\",\"inLanguage\":\"pt-BR\",\"url\":\"http:\/\/flordeminas.com.br\/expresso\/wp-content\/uploads\/2020\/01\/bgContato.jpg\",\"width\":1920,\"height\":1280},{\"@type\":\"WebPage\",\"@id\":\"http:\/\/flordeminas.com.br\/expresso\/contato\/#webpage\",\"url\":\"http:\/\/flordeminas.com.br\/expresso\/contato\/\",\"name\":\"Contato - Expresso Flor de Minas\",\"isPartOf\":{\"@id\":\"http:\/\/flordeminas.com.br\/expresso\/#website\"},\"primaryImageOfPage\":{\"@id\":\"http:\/\/flordeminas.com.br\/expresso\/contato\/#primaryimage\"},\"datePublished\":\"2018-06-25T14:57:57+00:00\",\"dateModified\":\"2021-04-28T18:32:54+00:00\",\"inLanguage\":\"pt-BR\",\"potentialAction\":[{\"@type\":\"ReadAction\",\"target\":[\"http:\/\/flordeminas.com.br\/expresso\/contato\/\"]}]}]}<\/script>\n<!-- \/ Yoast SEO plugin. -->","_links":{"self":[{"href":"http:\/\/flordeminas.com.br\/expresso\/wp-json\/wp\/v2\/pages\/8"}],"collection":[{"href":"http:\/\/flordeminas.com.br\/expresso\/wp-json\/wp\/v2\/pages"}],"about":[{"href":"http:\/\/flordeminas.com.br\/expresso\/wp-json\/wp\/v2\/types\/page"}],"author":[{"embeddable":true,"href":"http:\/\/flordeminas.com.br\/expresso\/wp-json\/wp\/v2\/users\/1"}],"replies":[{"embeddable":true,"href":"http:\/\/flordeminas.com.br\/expresso\/wp-json\/wp\/v2\/comments?post=8"}],"version-history":[{"count":13,"href":"http:\/\/flordeminas.com.br\/expresso\/wp-json\/wp\/v2\/pages\/8\/revisions"}],"predecessor-version":[{"id":281,"href":"http:\/\/flordeminas.com.br\/expresso\/wp-json\/wp\/v2\/pages\/8\/revisions\/281"}],"wp:featuredmedia":[{"embeddable":true,"href":"http:\/\/flordeminas.com.br\/expresso\/wp-json\/wp\/v2\/media\/273"}],"wp:attachment":[{"href":"http:\/\/flordeminas.com.br\/expresso\/wp-json\/wp\/v2\/media?parent=8"}],"curies":[{"name":"wp","href":"https:\/\/api.w.org\/{rel}","templated":true}]}}